{"id":721,"date":"2025-02-12T13:27:10","date_gmt":"2025-02-12T13:27:10","guid":{"rendered":"https:\/\/great-almeida.217-170-194-11.plesk.page\/?page_id=721"},"modified":"2025-02-12T13:28:54","modified_gmt":"2025-02-12T13:28:54","slug":"thank-you-for-your-enquiry","status":"publish","type":"page","link":"https:\/\/bikeandhike.no\/en\/takk-for-din-henvendelse\/","title":{"rendered":"Thank you for your enquiry!"},"content":{"rendered":"<div data-elementor-type=\"wp-page\" data-elementor-id=\"721\" class=\"elementor elementor-721\" data-elementor-post-type=\"page\">\n\t\t\t\t\t\t<section class=\"elementor-section elementor-top-section elementor-element elementor-element-4c7abd0d elementor-section-boxed elementor-section-height-default elementor-section-height-default\" data-id=\"4c7abd0d\" data-element_type=\"section\" data-e-type=\"section\">\n\t\t\t\t\t\t<div class=\"elementor-container elementor-column-gap-wide\">\n\t\t\t\t\t<div class=\"elementor-column elementor-col-100 elementor-top-column elementor-element elementor-element-6946a4e7\" data-id=\"6946a4e7\" data-element_type=\"column\" data-e-type=\"column\">\n\t\t\t<div class=\"elementor-widget-wrap elementor-element-populated\">\n\t\t\t\t\t\t<div class=\"elementor-element elementor-element-3edf20f0 elementor-widget elementor-widget-text-editor\" data-id=\"3edf20f0\" data-element_type=\"widget\" data-e-type=\"widget\" data-widget_type=\"text-editor.default\">\n\t\t\t\t<div class=\"elementor-widget-container\">\n\t\t\t\t\t\t\t\t\t<h4>We will contact you on an ongoing basis.<\/h4><p>If you do not hear from us within 7 days, we kindly ask you to contact us directly by phone <span style=\"text-decoration: underline;\"><a href=\"tel:004794177712\">(+47) 941 77 712<\/a><\/span> or by sending an e-mail to <span style=\"text-decoration: underline;\"><a href=\"mailto:hei@bikeandhike.no\">hei@bikeandhike.no<\/a><\/span>.<\/p>\t\t\t\t\t\t\t\t<\/div>\n\t\t\t\t<\/div>\n\t\t\t\t\t<\/div>\n\t\t<\/div>\n\t\t\t\t\t<\/div>\n\t\t<\/section>\n\t\t\t\t<\/div>","protected":false},"excerpt":{"rendered":"<p>We will contact you on an ongoing basis. If you do not hear from us within 7 days, we kindly ask you to contact us directly by phone (+47) 941 77 712 or by sending an e-mail to hei@bikeandhike.no.<\/p>","protected":false},"author":1,"featured_media":0,"parent":0,"menu_order":0,"comment_status":"closed","ping_status":"closed","template":"","meta":{"footnotes":""},"class_list":["post-721","page","type-page","status-publish","hentry"],"yoast_head":"<!-- This site is optimized with the Yoast SEO plugin v27.5 - https:\/\/yoast.com\/product\/yoast-seo-wordpress\/ -->\n<title>Takk for din henvendelse! - Bike and Hike<\/title>\n<meta name=\"robots\" content=\"index, follow, max-snippet:-1, max-image-preview:large, max-video-preview:-1\" \/>\n<link rel=\"canonical\" href=\"https:\/\/bikeandhike.no\/en\/thank-you-for-your-enquiry\/\" \/>\n<meta property=\"og:locale\" content=\"en_GB\" \/>\n<meta property=\"og:type\" content=\"article\" \/>\n<meta property=\"og:title\" content=\"Takk for din henvendelse! - Bike and Hike\" \/>\n<meta property=\"og:description\" content=\"Vi tar kontakt med deg fortl\u00f8pende. Dersom du ikke h\u00f8rer fra oss innen 7 dager, ber vi deg vennligst om \u00e5 ta kontakt direkte p\u00e5 telefon (+47) 941 77 712 eller ved \u00e5 sende en e-post til hei@bikeandhike.no.\" \/>\n<meta property=\"og:url\" content=\"https:\/\/bikeandhike.no\/en\/thank-you-for-your-enquiry\/\" \/>\n<meta property=\"og:site_name\" content=\"Bike and Hike\" \/>\n<meta property=\"article:publisher\" content=\"https:\/\/www.facebook.com\/bikeandhikejotunheimen\/?locale=nb_NO\" \/>\n<meta property=\"article:modified_time\" content=\"2025-02-12T13:28:54+00:00\" \/>\n<meta name=\"twitter:card\" content=\"summary_large_image\" \/>\n<meta name=\"twitter:label1\" content=\"Estimated reading time\" \/>\n\t<meta name=\"twitter:data1\" content=\"1 minute\" \/>\n<script type=\"application\/ld+json\" class=\"yoast-schema-graph\">{\"@context\":\"https:\\\/\\\/schema.org\",\"@graph\":[{\"@type\":\"WebPage\",\"@id\":\"https:\\\/\\\/bikeandhike.no\\\/takk-for-din-henvendelse\\\/\",\"url\":\"https:\\\/\\\/bikeandhike.no\\\/takk-for-din-henvendelse\\\/\",\"name\":\"Takk for din henvendelse! - Bike and Hike\",\"isPartOf\":{\"@id\":\"https:\\\/\\\/bikeandhike.no\\\/#website\"},\"datePublished\":\"2025-02-12T13:27:10+00:00\",\"dateModified\":\"2025-02-12T13:28:54+00:00\",\"breadcrumb\":{\"@id\":\"https:\\\/\\\/bikeandhike.no\\\/takk-for-din-henvendelse\\\/#breadcrumb\"},\"inLanguage\":\"en-GB\",\"potentialAction\":[{\"@type\":\"ReadAction\",\"target\":[\"https:\\\/\\\/bikeandhike.no\\\/takk-for-din-henvendelse\\\/\"]}]},{\"@type\":\"BreadcrumbList\",\"@id\":\"https:\\\/\\\/bikeandhike.no\\\/takk-for-din-henvendelse\\\/#breadcrumb\",\"itemListElement\":[{\"@type\":\"ListItem\",\"position\":1,\"name\":\"Hjem\",\"item\":\"https:\\\/\\\/bikeandhike.no\\\/\"},{\"@type\":\"ListItem\",\"position\":2,\"name\":\"Takk for din henvendelse!\"}]},{\"@type\":\"WebSite\",\"@id\":\"https:\\\/\\\/bikeandhike.no\\\/#website\",\"url\":\"https:\\\/\\\/bikeandhike.no\\\/\",\"name\":\"Bike&Hike Jotunheimen\",\"description\":\"Elektriske sykkeleventyr i Jotunheimen\",\"publisher\":{\"@id\":\"https:\\\/\\\/bikeandhike.no\\\/#organization\"},\"alternateName\":\"Bike&Hike\",\"potentialAction\":[{\"@type\":\"SearchAction\",\"target\":{\"@type\":\"EntryPoint\",\"urlTemplate\":\"https:\\\/\\\/bikeandhike.no\\\/?s={search_term_string}\"},\"query-input\":{\"@type\":\"PropertyValueSpecification\",\"valueRequired\":true,\"valueName\":\"search_term_string\"}}],\"inLanguage\":\"en-GB\"},{\"@type\":\"Organization\",\"@id\":\"https:\\\/\\\/bikeandhike.no\\\/#organization\",\"name\":\"Bike&Hike Jotunheimen\",\"alternateName\":\"Bike&Hike\",\"url\":\"https:\\\/\\\/bikeandhike.no\\\/\",\"logo\":{\"@type\":\"ImageObject\",\"inLanguage\":\"en-GB\",\"@id\":\"https:\\\/\\\/bikeandhike.no\\\/#\\\/schema\\\/logo\\\/image\\\/\",\"url\":\"https:\\\/\\\/bikeandhike.no\\\/wp-content\\\/uploads\\\/2025\\\/02\\\/Bikeandhiketoplogo.png\",\"contentUrl\":\"https:\\\/\\\/bikeandhike.no\\\/wp-content\\\/uploads\\\/2025\\\/02\\\/Bikeandhiketoplogo.png\",\"width\":300,\"height\":187,\"caption\":\"Bike&Hike Jotunheimen\"},\"image\":{\"@id\":\"https:\\\/\\\/bikeandhike.no\\\/#\\\/schema\\\/logo\\\/image\\\/\"},\"sameAs\":[\"https:\\\/\\\/www.facebook.com\\\/bikeandhikejotunheimen\\\/?locale=nb_NO\",\"https:\\\/\\\/www.instagram.com\\\/bikeandhike_jotunheimen\\\/\"]}]}<\/script>\n<!-- \/ Yoast SEO plugin. -->","yoast_head_json":{"title":"Thank you for your enquiry! - Bike and Hike","robots":{"index":"index","follow":"follow","max-snippet":"max-snippet:-1","max-image-preview":"max-image-preview:large","max-video-preview":"max-video-preview:-1"},"canonical":"https:\/\/bikeandhike.no\/en\/thank-you-for-your-enquiry\/","og_locale":"en_GB","og_type":"article","og_title":"Takk for din henvendelse! - Bike and Hike","og_description":"Vi tar kontakt med deg fortl\u00f8pende. Dersom du ikke h\u00f8rer fra oss innen 7 dager, ber vi deg vennligst om \u00e5 ta kontakt direkte p\u00e5 telefon (+47) 941 77 712 eller ved \u00e5 sende en e-post til hei@bikeandhike.no.","og_url":"https:\/\/bikeandhike.no\/en\/thank-you-for-your-enquiry\/","og_site_name":"Bike and Hike","article_publisher":"https:\/\/www.facebook.com\/bikeandhikejotunheimen\/?locale=nb_NO","article_modified_time":"2025-02-12T13:28:54+00:00","twitter_card":"summary_large_image","twitter_misc":{"Estimated reading time":"1 minute"},"schema":{"@context":"https:\/\/schema.org","@graph":[{"@type":"WebPage","@id":"https:\/\/bikeandhike.no\/takk-for-din-henvendelse\/","url":"https:\/\/bikeandhike.no\/takk-for-din-henvendelse\/","name":"Thank you for your enquiry! - Bike and Hike","isPartOf":{"@id":"https:\/\/bikeandhike.no\/#website"},"datePublished":"2025-02-12T13:27:10+00:00","dateModified":"2025-02-12T13:28:54+00:00","breadcrumb":{"@id":"https:\/\/bikeandhike.no\/takk-for-din-henvendelse\/#breadcrumb"},"inLanguage":"en-GB","potentialAction":[{"@type":"ReadAction","target":["https:\/\/bikeandhike.no\/takk-for-din-henvendelse\/"]}]},{"@type":"BreadcrumbList","@id":"https:\/\/bikeandhike.no\/takk-for-din-henvendelse\/#breadcrumb","itemListElement":[{"@type":"ListItem","position":1,"name":"Hjem","item":"https:\/\/bikeandhike.no\/"},{"@type":"ListItem","position":2,"name":"Takk for din henvendelse!"}]},{"@type":"WebSite","@id":"https:\/\/bikeandhike.no\/#website","url":"https:\/\/bikeandhike.no\/","name":"Bike&amp;Hike Jotunheimen","description":"Electric bike adventures in Jotunheimen","publisher":{"@id":"https:\/\/bikeandhike.no\/#organization"},"alternateName":"Bike&Hike","potentialAction":[{"@type":"SearchAction","target":{"@type":"EntryPoint","urlTemplate":"https:\/\/bikeandhike.no\/?s={search_term_string}"},"query-input":{"@type":"PropertyValueSpecification","valueRequired":true,"valueName":"search_term_string"}}],"inLanguage":"en-GB"},{"@type":"Organization","@id":"https:\/\/bikeandhike.no\/#organization","name":"Bike&amp;Hike Jotunheimen","alternateName":"Bike&Hike","url":"https:\/\/bikeandhike.no\/","logo":{"@type":"ImageObject","inLanguage":"en-GB","@id":"https:\/\/bikeandhike.no\/#\/schema\/logo\/image\/","url":"https:\/\/bikeandhike.no\/wp-content\/uploads\/2025\/02\/Bikeandhiketoplogo.png","contentUrl":"https:\/\/bikeandhike.no\/wp-content\/uploads\/2025\/02\/Bikeandhiketoplogo.png","width":300,"height":187,"caption":"Bike&Hike Jotunheimen"},"image":{"@id":"https:\/\/bikeandhike.no\/#\/schema\/logo\/image\/"},"sameAs":["https:\/\/www.facebook.com\/bikeandhikejotunheimen\/?locale=nb_NO","https:\/\/www.instagram.com\/bikeandhike_jotunheimen\/"]}]}},"_links":{"self":[{"href":"https:\/\/bikeandhike.no\/en\/wp-json\/wp\/v2\/pages\/721","targetHints":{"allow":["GET"]}}],"collection":[{"href":"https:\/\/bikeandhike.no\/en\/wp-json\/wp\/v2\/pages"}],"about":[{"href":"https:\/\/bikeandhike.no\/en\/wp-json\/wp\/v2\/types\/page"}],"author":[{"embeddable":true,"href":"https:\/\/bikeandhike.no\/en\/wp-json\/wp\/v2\/users\/1"}],"replies":[{"embeddable":true,"href":"https:\/\/bikeandhike.no\/en\/wp-json\/wp\/v2\/comments?post=721"}],"version-history":[{"count":4,"href":"https:\/\/bikeandhike.no\/en\/wp-json\/wp\/v2\/pages\/721\/revisions"}],"predecessor-version":[{"id":725,"href":"https:\/\/bikeandhike.no\/en\/wp-json\/wp\/v2\/pages\/721\/revisions\/725"}],"wp:attachment":[{"href":"https:\/\/bikeandhike.no\/en\/wp-json\/wp\/v2\/media?parent=721"}],"curies":[{"name":"wp","href":"https:\/\/api.w.org\/{rel}","templated":true}]}}